{"id":10,"date":"2007-08-29T17:11:53","date_gmt":"2007-08-29T15:11:53","guid":{"rendered":"https:\/\/www.deviajesbaratos.com\/blog\/acerca-de"},"modified":"2010-08-18T09:09:26","modified_gmt":"2010-08-18T07:09:26","slug":"acerca-de","status":"publish","type":"page","link":"https:\/\/www.deviajesbaratos.com\/blog\/acerca-de","title":{"rendered":"Acerca de"},"content":{"rendered":"<p>deViajesBaratos.com es un sitio que quiere recopilar todas las ofertas de viajes y vuelos baratos que se vayan produciendo desde Espa\u00f1a. Asimismo me servir\u00e1 como lugar donde reflejar escapadas interesantes de fin de semana y lo m\u00e1s importante trucos y formas de hacer viajes m\u00e1s baratos.<\/p>\n<p>Para los que les encante viajar y a la vez no quieren gastarse demasiado dinero.<\/p>\n","protected":false},"excerpt":{"rendered":"<p>deViajesBaratos.com es un sitio que quiere recopilar todas las ofertas de viajes y vuelos baratos que se vayan produciendo desde Espa\u00f1a. Asimismo me servir\u00e1 como lugar donde reflejar escapadas interesantes de fin de semana y lo m\u00e1s importante trucos y formas de hacer viajes m\u00e1s baratos. Para los que les encante viajar y a la [&hellip;]<\/p>\n","protected":false},"author":2,"featured_media":0,"parent":0,"menu_order":0,"comment_status":"open","ping_status":"closed","template":"","meta":{"footnotes":""},"class_list":["post-10","page","type-page","status-publish","hentry"],"_links":{"self":[{"href":"https:\/\/www.deviajesbaratos.com\/blog\/wp-json\/wp\/v2\/pages\/10","targetHints":{"allow":["GET"]}}],"collection":[{"href":"https:\/\/www.deviajesbaratos.com\/blog\/wp-json\/wp\/v2\/pages"}],"about":[{"href":"https:\/\/www.deviajesbaratos.com\/blog\/wp-json\/wp\/v2\/types\/page"}],"author":[{"embeddable":true,"href":"https:\/\/www.deviajesbaratos.com\/blog\/wp-json\/wp\/v2\/users\/2"}],"replies":[{"embeddable":true,"href":"https:\/\/www.deviajesbaratos.com\/blog\/wp-json\/wp\/v2\/comments?post=10"}],"version-history":[{"count":0,"href":"https:\/\/www.deviajesbaratos.com\/blog\/wp-json\/wp\/v2\/pages\/10\/revisions"}],"wp:attachment":[{"href":"https:\/\/www.deviajesbaratos.com\/blog\/wp-json\/wp\/v2\/media?parent=10"}],"curies":[{"name":"wp","href":"https:\/\/api.w.org\/{rel}","templated":true}]}}